{"id":259,"date":"2017-04-28T16:55:44","date_gmt":"2017-04-28T16:55:44","guid":{"rendered":"http:\/\/horizon.bycolormelon.com\/?page_id=259"},"modified":"2017-12-19T20:26:37","modified_gmt":"2017-12-19T19:26:37","slug":"about","status":"publish","type":"page","link":"https:\/\/www.mogentale.com\/en\/about\/","title":{"rendered":"About"},"content":{"rendered":"<p>[vc_row][vc_column width=&#8221;2\/3&#8243;][vc_custom_heading text=&#8221;About us&#8221; font_container=&#8221;tag:h2|text_align:left|color:%232f7239&#8243; google_fonts=&#8221;font_family:Raleway%3A100%2C200%2C300%2Cregular%2C500%2C600%2C700%2C800%2C900|font_style:400%20regular%3A400%3Anormal&#8221;][vc_column_text]<\/p>\n<p class=\"p1\">Everything begins in 1948 when Giovanni Mogentale&#8217;s passion for solid wood becomes a reality in the form of a business.<span class=\"Apple-converted-space\">\u00a0 <\/span>From the beginning he travels to personally choose the trees to buy as the selection of raw material is at the basis of this whole craft.<\/p>\n<p class=\"p1\">Thus he starts to buy and process fine woods from European broadleaf forests where the tree is harvested and the cut is selected.<\/p>\n<p class=\"p2\">Continuous research has allowed us to choose the best areas in Europe as sources of raw materials since we monitor all stages of the manufacturing process from the outset, as each one is essential to obtain an excellent wood floor. After cutting the trunk, we bear respect to the requirements of Mother Nature, naturally ageing the wood for years, as was the case in past times. Only at the end of these stages, it is dried.<\/p>\n<p class=\"p2\">In this way the wood fiber remains smooth and stable and does not undergo rapid artificial drying processes that may alter it. One can, therefore, be certain of the stability for any format we produce.<\/p>\n<p class=\"p2\">Today, the passion combined with the knowledge of solid wood, either new or reclaimed, the craftsmanship and the experiences acquired by three generations in more than half a century of<span class=\"Apple-converted-space\">\u00a0 <\/span>work preserving the tradition, give rise to unique and personal achievements. This<span class=\"Apple-converted-space\">\u00a0 <\/span>has allowed us to gain strengths such as experience, quality, craftsmanship and creativity.<\/p>\n<p>[\/vc_column_text][\/vc_column][vc_column width=&#8221;1\/3&#8243;][vc_empty_space height=&#8221;80px&#8221;][vc_row_inner][vc_column_inner][vc_images_carousel images=&#8221;678,676,945&#8243; img_size=&#8221;400&#215;580&#8243; onclick=&#8221;link_no&#8221; speed=&#8221;3000&#8243; autoplay=&#8221;yes&#8221; hide_pagination_control=&#8221;yes&#8221; wrap=&#8221;yes&#8221;][\/vc_column_inner][\/vc_row_inner][vc_btn title=&#8221;See all photos&#8221; color=&#8221;success&#8221; size=&#8221;sm&#8221; link=&#8221;url:http%3A%2F%2Fwww.mogentale.com%2Fportfolio%2Fstoria%2F|title:foto%20storiche||&#8221;][\/vc_column][\/vc_row][vc_row][vc_column][vc_custom_heading text=&#8221;European woods&#8221; font_container=&#8221;tag:h2|text_align:left|color:%232f7239&#8243; google_fonts=&#8221;font_family:Raleway%3A100%2C200%2C300%2Cregular%2C500%2C600%2C700%2C800%2C900|font_style:400%20regular%3A400%3Anormal&#8221;][vc_row_inner gap=&#8221;15&#8243;][vc_column_inner width=&#8221;1\/6&#8243;][vc_single_image image=&#8221;481&#8243; img_size=&#8221;400&#215;400&#8243;][vc_column_text]<\/p>\n<p class=\"p1\" style=\"text-align: center;\">WHITE MAPLE<\/p>\n<p>&nbsp;<\/p>\n<p>[\/vc_column_text][\/vc_column_inner][vc_column_inner width=&#8221;1\/6&#8243;][vc_single_image image=&#8221;482&#8243; img_size=&#8221;400&#215;400&#8243;][vc_column_text]<\/p>\n<p class=\"p1\" style=\"text-align: center;\">GOLDEN MAPLE<\/p>\n<p>[\/vc_column_text][\/vc_column_inner][vc_column_inner width=&#8221;1\/6&#8243;][vc_single_image image=&#8221;484&#8243; img_size=&#8221;400&#215;400&#8243;][vc_column_text]<\/p>\n<p class=\"p1\" style=\"text-align: center;\">RECLAIMED FIR<\/p>\n<p>[\/vc_column_text][\/vc_column_inner][vc_column_inner width=&#8221;1\/6&#8243;][vc_single_image image=&#8221;486&#8243; img_size=&#8221;400&#215;400&#8243;][vc_column_text]<\/p>\n<p class=\"p1\" style=\"text-align: center;\">CHESTNUT<\/p>\n<p>[\/vc_column_text][\/vc_column_inner][vc_column_inner width=&#8221;1\/6&#8243;][vc_single_image image=&#8221;487&#8243; img_size=&#8221;400&#215;400&#8243;][vc_column_text]<\/p>\n<p class=\"p1\" style=\"text-align: center;\">EUROPEAN CHERRY<\/p>\n<p>[\/vc_column_text][\/vc_column_inner][vc_column_inner width=&#8221;1\/6&#8243;][vc_single_image image=&#8221;488&#8243; img_size=&#8221;400&#215;400&#8243;][vc_column_text]<\/p>\n<p class=\"p1\" style=\"text-align: center;\">BEECH<\/p>\n<p>[\/vc_column_text][\/vc_column_inner][\/vc_row_inner][vc_row_inner gap=&#8221;15&#8243;][vc_column_inner width=&#8221;1\/6&#8243;][vc_single_image image=&#8221;489&#8243; img_size=&#8221;400&#215;400&#8243;][vc_column_text]<\/p>\n<p class=\"p1\" style=\"text-align: center;\">ASH<\/p>\n<p>[\/vc_column_text][\/vc_column_inner][vc_column_inner width=&#8221;1\/6&#8243;][vc_single_image image=&#8221;490&#8243; img_size=&#8221;400&#215;400&#8243;][vc_column_text]<\/p>\n<p class=\"p1\" style=\"text-align: center;\">GOLDEN ASH<\/p>\n<p>[\/vc_column_text][\/vc_column_inner][vc_column_inner width=&#8221;1\/6&#8243;][vc_single_image image=&#8221;491&#8243; img_size=&#8221;400&#215;400&#8243;][vc_column_text]<\/p>\n<p class=\"p1\" style=\"text-align: center;\">ANCIENT OAK<\/p>\n<p>[\/vc_column_text][\/vc_column_inner][vc_column_inner width=&#8221;1\/6&#8243;][vc_single_image image=&#8221;492&#8243; img_size=&#8221;400&#215;400&#8243;][vc_column_text]<\/p>\n<p class=\"p1\" style=\"text-align: center;\">LARCH<\/p>\n<p>[\/vc_column_text][\/vc_column_inner][vc_column_inner width=&#8221;1\/6&#8243;][vc_single_image image=&#8221;493&#8243; img_size=&#8221;400&#215;400&#8243;][vc_column_text]<\/p>\n<p class=\"p1\" style=\"text-align: center;\">WALNUT<\/p>\n<p>[\/vc_column_text][\/vc_column_inner][vc_column_inner width=&#8221;1\/6&#8243;][vc_single_image image=&#8221;494&#8243; img_size=&#8221;400&#215;400&#8243;][vc_column_text]<\/p>\n<p class=\"p1\" style=\"text-align: center;\">SLAVONIAN OAK<\/p>\n<p>[\/vc_column_text][\/vc_column_inner][\/vc_row_inner][vc_row_inner gap=&#8221;15&#8243;][vc_column_inner width=&#8221;1\/6&#8243;][vc_single_image image=&#8221;495&#8243; img_size=&#8221;400&#215;400&#8243;][vc_column_text]<\/p>\n<p style=\"text-align: center;\">ELM<\/p>\n<p>[\/vc_column_text][\/vc_column_inner][vc_column_inner width=&#8221;1\/6&#8243;][vc_single_image image=&#8221;496&#8243; img_size=&#8221;400&#215;400&#8243;][vc_column_text]<\/p>\n<p class=\"p1\" style=\"text-align: center;\">ALDER<\/p>\n<p>[\/vc_column_text][\/vc_column_inner][vc_column_inner width=&#8221;1\/6&#8243;][\/vc_column_inner][vc_column_inner width=&#8221;1\/6&#8243;][\/vc_column_inner][vc_column_inner width=&#8221;1\/6&#8243;][\/vc_column_inner][vc_column_inner width=&#8221;1\/6&#8243;][\/vc_column_inner][\/vc_row_inner][\/vc_column][\/vc_row]<\/p>","protected":false},"excerpt":{"rendered":"<p>[vc_row][vc_column width=&#8221;2\/3&#8243;][vc_custom_heading text=&#8221;About us&#8221; font_container=&#8221;tag:h2|text_align:left|color:%232f7239&#8243; google_fonts=&#8221;font_family:Raleway%3A100%2C200%2C300%2Cregular%2C500%2C600%2C700%2C800%2C900|font_style:400%20regular%3A400%3Anormal&#8221;][vc_column_text] Everything begins in 1948 when Giovanni Mogentale&#8217;s passion for solid wood becomes a reality in the form of a business.\u00a0 From the&#8230;<\/p>\n","protected":false},"author":1,"featured_media":0,"parent":0,"menu_order":3,"comment_status":"closed","ping_status":"closed","template":"page-templates\/page-no-title.php","meta":{"footnotes":""},"yoast_head":"<!-- This site is optimized with the Yoast SEO plugin v17.9 - https:\/\/yoast.com\/wordpress\/plugins\/seo\/ -->\n<title>Mogentale - Chi siamo - la nostra Storia e la nostra filosofia<\/title>\n<meta name=\"description\" content=\"Da oltre 60 anni scegliamo personalmente le piante da acquistare,perch\u00e9 la selezione della materia prima \u00e8 la base di un lavoro e di un pavimento di qualit\u00e0\" \/>\n<meta name=\"robots\" content=\"index, follow, max-snippet:-1, max-image-preview:large, max-video-preview:-1\" \/>\n<link rel=\"canonical\" href=\"https:\/\/www.mogentale.com\/en\/about\/\" \/>\n<meta property=\"og:locale\" content=\"en_US\" \/>\n<meta property=\"og:type\" content=\"article\" \/>\n<meta property=\"og:title\" content=\"Mogentale - Chi siamo - la nostra Storia e la nostra filosofia\" \/>\n<meta property=\"og:description\" content=\"Da oltre 60 anni scegliamo personalmente le piante da acquistare,perch\u00e9 la selezione della materia prima \u00e8 la base di un lavoro e di un pavimento di qualit\u00e0\" \/>\n<meta property=\"og:url\" content=\"https:\/\/www.mogentale.com\/en\/about\/\" \/>\n<meta property=\"og:site_name\" content=\"www.mogentale.com\" \/>\n<meta property=\"article:modified_time\" content=\"2017-12-19T19:26:37+00:00\" \/>\n<meta name=\"twitter:card\" content=\"summary_large_image\" \/>\n<meta name=\"twitter:label1\" content=\"Est. reading time\" \/>\n\t<meta name=\"twitter:data1\" content=\"7 minutes\" \/>\n<script type=\"application\/ld+json\" class=\"yoast-schema-graph\">{\"@context\":\"https:\/\/schema.org\",\"@graph\":[{\"@type\":\"Organization\",\"@id\":\"https:\/\/www.mogentale.com\/en\/#organization\",\"name\":\"Mogentale\",\"url\":\"https:\/\/www.mogentale.com\/en\/\",\"sameAs\":[],\"logo\":{\"@type\":\"ImageObject\",\"@id\":\"https:\/\/www.mogentale.com\/en\/#logo\",\"inLanguage\":\"en-US\",\"url\":\"http:\/\/www.mogentale.com\/wp-content\/uploads\/2017\/09\/mogentale_-2-e1505201240370.png\",\"contentUrl\":\"http:\/\/www.mogentale.com\/wp-content\/uploads\/2017\/09\/mogentale_-2-e1505201240370.png\",\"width\":280,\"height\":98,\"caption\":\"Mogentale\"},\"image\":{\"@id\":\"https:\/\/www.mogentale.com\/en\/#logo\"}},{\"@type\":\"WebSite\",\"@id\":\"https:\/\/www.mogentale.com\/en\/#website\",\"url\":\"https:\/\/www.mogentale.com\/en\/\",\"name\":\"www.mogentale.com\",\"description\":\"Pavimenti pregiati in legno\",\"publisher\":{\"@id\":\"https:\/\/www.mogentale.com\/en\/#organization\"},\"potentialAction\":[{\"@type\":\"SearchAction\",\"target\":{\"@type\":\"EntryPoint\",\"urlTemplate\":\"https:\/\/www.mogentale.com\/en\/?s={search_term_string}\"},\"query-input\":\"required name=search_term_string\"}],\"inLanguage\":\"en-US\"},{\"@type\":\"WebPage\",\"@id\":\"https:\/\/www.mogentale.com\/en\/about\/#webpage\",\"url\":\"https:\/\/www.mogentale.com\/en\/about\/\",\"name\":\"Mogentale - Chi siamo - la nostra Storia e la nostra filosofia\",\"isPartOf\":{\"@id\":\"https:\/\/www.mogentale.com\/en\/#website\"},\"datePublished\":\"2017-04-28T16:55:44+00:00\",\"dateModified\":\"2017-12-19T19:26:37+00:00\",\"description\":\"Da oltre 60 anni scegliamo personalmente le piante da acquistare,perch\\u00e9 la selezione della materia prima \\u00e8 la base di un lavoro e di un pavimento di qualit\\u00e0\",\"breadcrumb\":{\"@id\":\"https:\/\/www.mogentale.com\/en\/about\/#breadcrumb\"},\"inLanguage\":\"en-US\",\"potentialAction\":[{\"@type\":\"ReadAction\",\"target\":[\"https:\/\/www.mogentale.com\/en\/about\/\"]}]},{\"@type\":\"BreadcrumbList\",\"@id\":\"https:\/\/www.mogentale.com\/en\/about\/#breadcrumb\",\"itemListElement\":[{\"@type\":\"ListItem\",\"position\":1,\"name\":\"Home\",\"item\":\"https:\/\/www.mogentale.com\/\"},{\"@type\":\"ListItem\",\"position\":2,\"name\":\"About\"}]}]}<\/script>\n<!-- \/ Yoast SEO plugin. -->","yoast_head_json":{"title":"Mogentale - Chi siamo - la nostra Storia e la nostra filosofia","description":"Da oltre 60 anni scegliamo personalmente le piante da acquistare,perch\u00e9 la selezione della materia prima \u00e8 la base di un lavoro e di un pavimento di qualit\u00e0","robots":{"index":"index","follow":"follow","max-snippet":"max-snippet:-1","max-image-preview":"max-image-preview:large","max-video-preview":"max-video-preview:-1"},"canonical":"https:\/\/www.mogentale.com\/en\/about\/","og_locale":"en_US","og_type":"article","og_title":"Mogentale - Chi siamo - la nostra Storia e la nostra filosofia","og_description":"Da oltre 60 anni scegliamo personalmente le piante da acquistare,perch\u00e9 la selezione della materia prima \u00e8 la base di un lavoro e di un pavimento di qualit\u00e0","og_url":"https:\/\/www.mogentale.com\/en\/about\/","og_site_name":"www.mogentale.com","article_modified_time":"2017-12-19T19:26:37+00:00","twitter_card":"summary_large_image","twitter_misc":{"Est. reading time":"7 minutes"},"schema":{"@context":"https:\/\/schema.org","@graph":[{"@type":"Organization","@id":"https:\/\/www.mogentale.com\/en\/#organization","name":"Mogentale","url":"https:\/\/www.mogentale.com\/en\/","sameAs":[],"logo":{"@type":"ImageObject","@id":"https:\/\/www.mogentale.com\/en\/#logo","inLanguage":"en-US","url":"http:\/\/www.mogentale.com\/wp-content\/uploads\/2017\/09\/mogentale_-2-e1505201240370.png","contentUrl":"http:\/\/www.mogentale.com\/wp-content\/uploads\/2017\/09\/mogentale_-2-e1505201240370.png","width":280,"height":98,"caption":"Mogentale"},"image":{"@id":"https:\/\/www.mogentale.com\/en\/#logo"}},{"@type":"WebSite","@id":"https:\/\/www.mogentale.com\/en\/#website","url":"https:\/\/www.mogentale.com\/en\/","name":"www.mogentale.com","description":"Pavimenti pregiati in legno","publisher":{"@id":"https:\/\/www.mogentale.com\/en\/#organization"},"potentialAction":[{"@type":"SearchAction","target":{"@type":"EntryPoint","urlTemplate":"https:\/\/www.mogentale.com\/en\/?s={search_term_string}"},"query-input":"required name=search_term_string"}],"inLanguage":"en-US"},{"@type":"WebPage","@id":"https:\/\/www.mogentale.com\/en\/about\/#webpage","url":"https:\/\/www.mogentale.com\/en\/about\/","name":"Mogentale - Chi siamo - la nostra Storia e la nostra filosofia","isPartOf":{"@id":"https:\/\/www.mogentale.com\/en\/#website"},"datePublished":"2017-04-28T16:55:44+00:00","dateModified":"2017-12-19T19:26:37+00:00","description":"Da oltre 60 anni scegliamo personalmente le piante da acquistare,perch\u00e9 la selezione della materia prima \u00e8 la base di un lavoro e di un pavimento di qualit\u00e0","breadcrumb":{"@id":"https:\/\/www.mogentale.com\/en\/about\/#breadcrumb"},"inLanguage":"en-US","potentialAction":[{"@type":"ReadAction","target":["https:\/\/www.mogentale.com\/en\/about\/"]}]},{"@type":"BreadcrumbList","@id":"https:\/\/www.mogentale.com\/en\/about\/#breadcrumb","itemListElement":[{"@type":"ListItem","position":1,"name":"Home","item":"https:\/\/www.mogentale.com\/"},{"@type":"ListItem","position":2,"name":"About"}]}]}},"_links":{"self":[{"href":"https:\/\/www.mogentale.com\/en\/wp-json\/wp\/v2\/pages\/259"}],"collection":[{"href":"https:\/\/www.mogentale.com\/en\/wp-json\/wp\/v2\/pages"}],"about":[{"href":"https:\/\/www.mogentale.com\/en\/wp-json\/wp\/v2\/types\/page"}],"author":[{"embeddable":true,"href":"https:\/\/www.mogentale.com\/en\/wp-json\/wp\/v2\/users\/1"}],"replies":[{"embeddable":true,"href":"https:\/\/www.mogentale.com\/en\/wp-json\/wp\/v2\/comments?post=259"}],"version-history":[{"count":18,"href":"https:\/\/www.mogentale.com\/en\/wp-json\/wp\/v2\/pages\/259\/revisions"}],"predecessor-version":[{"id":981,"href":"https:\/\/www.mogentale.com\/en\/wp-json\/wp\/v2\/pages\/259\/revisions\/981"}],"wp:attachment":[{"href":"https:\/\/www.mogentale.com\/en\/wp-json\/wp\/v2\/media?parent=259"}],"curies":[{"name":"wp","href":"https:\/\/api.w.org\/{rel}","templated":true}]}}